{"id":21,"date":"2025-09-24T20:47:04","date_gmt":"2025-09-24T11:47:04","guid":{"rendered":"https:\/\/pr.eng.hokudai.ac.jp\/rc\/?page_id=21"},"modified":"2025-11-05T12:44:33","modified_gmt":"2025-11-05T03:44:33","slug":"articles","status":"publish","type":"page","link":"https:\/\/pr.eng.hokudai.ac.jp\/rc\/articles\/","title":{"rendered":"Selected Articles"},"content":{"rendered":"<div class=\"wp-block-query\">\n<ul class=\"query_content selected_all wp-block-post-template is-layout-flow wp-block-post-template-is-layout-flow\">\n  <li id=\"featured000252\" class=\"wp-block-post post-252 featured_post type-featured_post status-publish has-post-thumbnail hentry tag-solid-electrolytes tag-synthesis content_type-articles content_issue-vol0001-2025 content_field-262 content_year-345\">\n    <div class=\"wp-block-group post_block is-layout-flow wp-block-group-is-layout-flow\">\n\n      <h3 class=\"wp-block-post-title\"><a href=\"https:\/\/pr.eng.hokudai.ac.jp\/rc\/featured\/202510fa001\/\">The Detail Matters: Unveiling Overlooked Parameters in the Mechanochemical Synthesis of Solid Electrolytes<\/a><\/h3>\n      <div class=\"wp-block-post-content\">\n        <p>\u30e1\u30ab\u30ce\u30b1\u30df\u30ab\u30eb\u5408\u6210\u524d\u306b\u8a66\u85ac\u3092\u4e73\u9262\u3068\u4e73\u68d2\u3067\u77ed\u6642\u9593\u624b\u6df7\u5408\u3059\u308b\u3060\u3051\u3067\u3001\u56fa\u4f53\u96fb\u89e3\u8cea\u306e\u6027\u80fd\u304c\u5287\u7684\u306b\u5411\u4e0a\u3002<br \/>\n\u624b\u6df7\u5408\u306b\u3088\u308a\u7d50\u6676\u5316\u6319\u52d5\u304c\u5909\u5316\u3057\u3001\u56fa\u4f53\u96fb\u89e3\u8cea\u306e\u30a4\u30aa\u30f3\u4f1d\u5c0e\u5ea6\u304c\u6700\u5927\u30671\u6841\u5411\u4e0a\u3002<br \/>\n\u3053\u306e\u767a\u898b\u306f\u3001\u52b9\u7387\u7684\u30fb\u8ad6\u7406\u7684\u306a\u65b0\u898f\u96fb\u89e3\u8cea\u6750\u6599\u306e\u63a2\u7d22\u3001\u3072\u3044\u3066\u306f\u5168\u56fa\u4f53\u96fb\u6c60\u958b\u767a\u306e\u52a0\u901f\u306b\u7e4b\u304c\u308b\u3002<\/p>\n        <p>[<a href=\"https:\/\/pr.eng.hokudai.ac.jp\/rc\/featured\/202510fa001\/\">Featured Research<\/a>]<\/p>\n      <\/div>\n      <div class=\"content_data wp-block-group is-style-group-contentinfo\">\n    <p class=\"content_person\"><p>Abdulkadir K\u0131z\u0131laslan, Mustafa \u00c7elik, \u85e4\u4e95 \u96c4\u592a, \u9ec4 \u931a, \u68ee\u5409 \u5343\u4f73\u5b50, \u6cb3\u53e3 \u5f70\u543e, \u5ee3\u4e95 \u6167, \u5c3e\u539f \u5e78\u6cbb, \u5b89\u85e4 \u771f\u7406\u5b50, \u5fe0\u6c38 \u6e05\u6cbb, \u5927\u91ce \u771f\u4e4b, <a href=\"https:\/\/scholar.google.co.jp\/citations?user=_vPBvrAAAAAJ&amp;hl=en\" target=\"_blank\" rel=\"noopener\">\u4e09\u6d66 \u7ae0<\/a><\/p>\n<\/p>\n\n    <p class=\"content_info\"><p><a href=\"https:\/\/pubs.acs.org\/doi\/full\/10.1021\/acsenergylett.4c02156\" target=\"_blank\" rel=\"noopener\">ACS Energy Lett. 2025, 10, 1, 156\u2013160<\/a><\/p>\n<\/p>\n<\/div>\n<!-- \/\/ BLOCK: CONTENT-DATA -->\n    <\/div>\n  <\/li>\n<!-- TEMP: FEATURED_POST ARCHIVE -->\n  <li id=\"featured000255\" class=\"wp-block-post post-255 featured_post type-featured_post status-publish has-post-thumbnail hentry tag-mechanochemistry content_type-articles content_issue-vol0001-2025 content_field-262 content_year-345\">\n    <div class=\"wp-block-group post_block is-layout-flow wp-block-group-is-layout-flow\">\n\n      <h3 class=\"wp-block-post-title\"><a href=\"https:\/\/pr.eng.hokudai.ac.jp\/rc\/featured\/202510fa002\/\">\u7a7a\u6c17\u4e2d\u306b\u304a\u3051\u308b\u6709\u6a5f\u30ea\u30c1\u30a6\u30e0\u5316\u5408\u7269\u306e\u751f\u6210\u3068\u5fdc\u7528\u306e\u305f\u3081\u306e\u91d1\u5c5e\u30ea\u30c1\u30a6\u30e0\u306e\u30e1\u30ab\u30ce\u30b1\u30df\u30ab\u30eb\u6d3b\u6027\u5316<\/a><\/h3>\n      <div class=\"wp-block-post-content\">\n        <p>\u672c\u7814\u7a76\u3067\u306f\u3001\u30dc\u30fc\u30eb\u30df\u30eb\u3068\u3044\u3046\u7c89\u7815\u6a5f\u3092\u2f64\u3044\u308b\u3053\u3068\u3067\u5b9f\u9a13\u64cd\u4f5c\u3092\u7c21\u4fbf\u5316\u3057\u3001\u7a7a\u6c17\u4e0b\u30fb\u5ba4\u6e29\u3067\u6709\u6a5f\u6eb6\u5a92\u3092\u307b\u3068\u3093\u3069\u4f7f\u2f64\u305b\u305a\u306b\u3001\u6709\u6a5f\u30ea\u30c1\u30a6\u30e0\u8a66\u85ac\u3092\u8abf\u88fd\u3057\u3001\u6709\u6a5f\u5408\u6210\u306b\u5229\u2f64\u3059\u308b\u3053\u3068\u306b\u6210\u529f\u3057\u307e\u3057\u305f\u3002\u5177\u4f53\u7684\u306b\u306f\u3001\u30dc\u30fc\u30eb\u30df\u30eb\u3067\u6d3b\u6027\u5316\u3055\u308c\u305f\u2fa6\u5c5e\u30ea\u30c1\u30a6\u30e0\u304c\u3001\u8fc5\u901f\u306b\u6709\u6a5f\u30cf\u30ed\u30b2\u30f3\u5316\u7269\u3068\u53cd\u5fdc\u3057\u3001\u6709\u6a5f\u30ea\u30c1\u30a6\u30e0\u8a66\u85ac\u3092\u2f63\u6210\u3059\u308b\u3053\u3068\u3092\u2f92\u51fa\u3057\u307e\u3057\u305f\u3002<\/p>\n        <p>[<a href=\"https:\/\/pr.eng.hokudai.ac.jp\/rc\/featured\/202510fa002\/\">Featured Research<\/a>]<\/p>\n      <\/div>\n      <div class=\"content_data wp-block-group is-style-group-contentinfo\">\n    <p class=\"content_person\"><p>\u8fd1\u85e4 \u6075\u7950, <a href=\"https:\/\/researchmap.jp\/kbt\" target=\"_blank\" rel=\"noopener\">\u4e45\u4fdd\u7530 \u6d69\u53f8<\/a>, \u4f0a\u85e4 \u8087<\/p>\n<\/p>\n\n    <p class=\"content_info\"><p><a href=\"https:\/\/www.nature.com\/articles\/s44160-025-00753-3\" target=\"_blank\" rel=\"noopener\">Nature Synthesis<\/a><\/p>\n<\/p>\n<\/div>\n<!-- \/\/ BLOCK: CONTENT-DATA -->\n    <\/div>\n  <\/li>\n<!-- TEMP: FEATURED_POST ARCHIVE -->\n  <li id=\"featured000426\" class=\"wp-block-post post-426 featured_post type-featured_post status-publish has-post-thumbnail hentry tag-analytical-chemistry tag-geochemistry tag-soil-chemistry content_type-articles content_issue-vol0002-2026 content_field-263 content_year-345\">\n    <div class=\"wp-block-group post_block is-layout-flow wp-block-group-is-layout-flow\">\n\n      <h3 class=\"wp-block-post-title\"><a href=\"https:\/\/pr.eng.hokudai.ac.jp\/rc\/featured\/202604fa003\/\">\u571f\u58cc\u30fb\u30d5\u30eb\u30dc\u9178\u753b\u5206\u30fb\u7c98\u571f\u8150\u690d\u8907\u5408\u4f53\u306e\u56fa\u4f53-\u52b1\u8d77\u86cd\u5149\u30de\u30c8\u30ea\u30af\u30b9\u5206\u5149\u6cd5\uff1a\u51dd\u96c6\u306b\u4f34\u3046\u86cd\u5149\u6975\u5927\u306e\u30ec\u30c3\u30c9\u30b7\u30d5\u30c8\u306b\u95a2\u3059\u308b\u8003\u5bdf<\/a><\/h3>\n      <div class=\"wp-block-post-content\">\n        <p>\u571f\u58cc\u4e2d\u306e\u6709\u6a5f\u7269\uff08\u8150\u690d\u7269\u8cea\uff09\u5206\u6790\u306b\u5fc5\u9808\u306a\u30a2\u30eb\u30ab\u30ea\u62bd\u51fa\u64cd\u4f5c\u306b\u3088\u308b\u30a2\u30fc\u30c6\u30a3\u30d5\u30a1\u30af\u30c8\u304c\u554f\u984c\u8996\u3055\u308c\u3001\u62bd\u51fa\u306b\u57fa\u3065\u304f\u8150\u690d\u7269\u8cea\u7814\u7a76\u306e\u6b63\u5f53\u6027\u304c\u63fa\u3089\u3044\u3067\u3044\u308b\u3002\u672c\u7814\u7a76\u3067\u306f\u8150\u690d\u7269\u8cea\u6a19\u6e96\u8a66\u6599\u304a\u3088\u3073\u7c98\u571f\u3068\u306e\u8907\u5408\u4f53\u306b\u5bfe\u3057\u3001\u975e\u62bd\u51fa\u30fb\u975e\u7834\u58ca\u306a\u56fa\u4f53-\u52b1\u8d77\u86cd\u5149\u30de\u30c8\u30ea\u30af\u30b9\u5206\u5149\u6cd5\uff08SPF-EEM\uff09\u3092\u4e16\u754c\u3067\u521d\u3081\u3066\u9069\u7528\u3057\u3001\u86cd\u5149\u6975\u5927\u6ce2\u9577\u304c\u6eb6\u6db2\u30fb\u8907\u5408\u4f53\u30fb\u51dd\u96c6\u4f53\u306a\u3069\u306e\u72b6\u614b\u306b\u5fdc\u3058\u3066\u30b7\u30d5\u30c8\u3057\u3046\u308b\u3053\u3068\u3092\u898b\u51fa\u3057\u305f\u3002<\/p>\n        <p>[<a href=\"https:\/\/pr.eng.hokudai.ac.jp\/rc\/featured\/202604fa003\/\">Featured Research<\/a>]<\/p>\n      <\/div>\n      <div class=\"content_data wp-block-group is-style-group-contentinfo\">\n    <p class=\"content_person\"><p><a href=\"https:\/\/researchmap.jp\/yukinakaya\" target=\"_blank\" rel=\"noopener\">\u4e2d\u5c4b\u4f51\u7d00<\/a>\u3001\u5ee3\u702c\u8cb4\u5fd7\u3001\u7530\u68ee\u9f8d\u4e00\u3001\u85e4\u5dbd\u66a2\u82f1\u3001\u4e2d\u5d8b\u609f\u3001\u5c71\u6751\u5bdb\u3001\u4f50\u85e4\u4e45<\/p>\n<\/p>\n\n    <p class=\"content_info\"><p><a href=\"https:\/\/www.sciencedirect.com\/science\/article\/abs\/pii\/S001393512501151X?via%3Dihub\" target=\"_blank\" rel=\"noopener\">Environmental Research 279(2), 121900<\/a><\/p>\n<\/p>\n<\/div>\n<!-- \/\/ BLOCK: CONTENT-DATA -->\n    <\/div>\n  <\/li>\n<!-- TEMP: FEATURED_POST ARCHIVE -->\n  <li id=\"featured000427\" class=\"wp-block-post post-427 featured_post type-featured_post status-publish has-post-thumbnail hentry tag-combustion tag-fire-safety tag-flame-retardant content_type-articles content_issue-vol0002-2026 content_field-273 content_year-345\">\n    <div class=\"wp-block-group post_block is-layout-flow wp-block-group-is-layout-flow\">\n\n      <h3 class=\"wp-block-post-title\"><a href=\"https:\/\/pr.eng.hokudai.ac.jp\/rc\/featured\/202604fa002\/\">\u30d5\u30c3\u7d20\u7cfb\u96e3\u71c3\u5264\u306e\u96e3\u71c3\u6027\u80fd\u306b\u5bfe\u3059\u308b\u6d41\u308c\u306e\u6ede\u7559\u6642\u9593\u306e\u5f71\u97ff\uff1aCH\u2082F\u2082\u3068CH\u2084\u306e\u5439\u304d\u6d88\u3048\u9650\u754c\u306e\u6bd4\u8f03<\/a><\/h3>\n      <div class=\"wp-block-post-content\">\n        <p>\u672c\u7814\u7a76\u3067\u306f\u3001\u5fae\u5c0f\u91cd\u529b\u74b0\u5883\u4e0b\u306b\u304a\u3044\u3066 ETFE \u306b\u4ee3\u8868\u3055\u308c\u308b\u30d5\u30c3\u7d20\u6a39\u8102\u306e\u53ef\u71c3\u6027\u304c\u5897\u5927\u3059\u308b\u8981\u56e0\u3092\u660e\u3089\u304b\u306b\u3059\u308b\u3053\u3068\u3092\u76ee\u7684\u3068\u3057\u3066\u3001\u30cf\u30a4\u30c9\u30ed\u30d5\u30eb\u30aa\u30ed\u30ab\u30fc\u30dc\u30f3\uff08HFC\uff09\u71c3\u6599\u304a\u3088\u3073\u70ad\u5316\u6c34\u7d20\uff08HC\uff09\u71c3\u6599\u306e\u71c3\u713c\u7279\u6027\u3092\u8a73\u7d30\u5316\u5b66\u53cd\u5fdc\u306e\u89b3\u70b9\u304b\u3089\u89e3\u6790\u3057\u305f\u3002\u305d\u306e\u7d50\u679c\u3001CH\u2082F\u2082 \u306f CH\u2084 \u3068\u7570\u306a\u308a\u3001\u5439\u304d\u6d88\u3048\u9650\u754c\u306e\u9178\u7d20\u6fc3\u5ea6\u306b\u5bfe\u3059\u308b\u611f\u5ea6\u304c\u6975\u3081\u3066\u5c0f\u3055\u3044\u3053\u3068\u304c\u793a\u3055\u308c\u305f\u3002CH\u2082F\u2082 \u706b\u708e\u3067\u306f\u706b\u708e\u6e29\u5ea6\u304c\u4f4e\u304f\u3001H \u304a\u3088\u3073 OH \u30e9\u30b8\u30ab\u30eb\u306e\u751f\u6210\u304c\u6291\u5236\u3055\u308c\u3066\u304a\u308a\u3001\u3053\u308c\u306f HF \u751f\u6210\u7d4c\u8def\u304c\u652f\u914d\u7684\u3068\u306a\u308b\u3053\u3068\u3067\u30e9\u30b8\u30ab\u30eb\u9023\u9396\u53cd\u5fdc\u304c\u963b\u5bb3\u3055\u308c\u308b\u305f\u3081\u3067\u3042\u308b\u3002\u4e00\u65b9\u3001CH\u2082F\u2082 \u306f\u5439\u304d\u6d88\u3048\u3092\u8d77\u3053\u3057\u3084\u3059\u3044\u7279\u6027\u3092\u6709\u3059\u308b\u3082\u306e\u306e\u3001\u9ad8\u3044\u65ad\u71b1\u706b\u708e\u6e29\u5ea6\u3092\u7dad\u6301\u3059\u308b\u305f\u3081\u3001\u5341\u5206\u306a\u6ede\u7559\u6642\u9593\u304c\u78ba\u4fdd\u3055\u308c\u308c\u3070\u4f4e\u9178\u7d20\u6fc3\u5ea6\u6761\u4ef6\u4e0b\u3067\u3082\u71c3\u713c\u304c\u6210\u7acb\u3059\u308b\u3053\u3068\u304c\u660e\u3089\u304b\u3068\u306a\u3063\u305f\u3002<\/p>\n        <p>[<a href=\"https:\/\/pr.eng.hokudai.ac.jp\/rc\/featured\/202604fa002\/\">Featured Research<\/a>]<\/p>\n      <\/div>\n      <div class=\"content_data wp-block-group is-style-group-contentinfo\">\n    <p class=\"content_person\"><p><a href=\"https:\/\/scholar.google.com\/citations?user=3UOupVsAAAAJ&amp;hl=ja\" target=\"_blank\" rel=\"noopener\">\u91d1\u91ce\u4f51\u4eae<\/a>,\u592a\u7530\u4e9c\u5915\u6597,<a href=\"https:\/\/scholar.google.com\/citations?user=ZeAH_08AAAAJ&amp;hl=ja\" target=\"_blank\" rel=\"noopener\">\u6a4b\u672c\u671b<\/a>,<a href=\"https:\/\/scholar.google.com\/citations?user=PYx5i2UAAAAJ&amp;hl=ja\" target=\"_blank\" rel=\"noopener\">\u85e4\u7530\u4fee<\/a><\/p>\n<\/p>\n\n    <p class=\"content_info\"><p><a href=\"https:\/\/www.sciencedirect.com\/science\/article\/abs\/pii\/S0010218025006510?via%3Dihub\" target=\"_blank\" rel=\"noopener\">Combustion and Flame 284, 114614<\/a><\/p>\n<\/p>\n<\/div>\n<!-- \/\/ BLOCK: CONTENT-DATA -->\n    <\/div>\n  <\/li>\n<!-- TEMP: FEATURED_POST ARCHIVE -->\n  <li id=\"featured000429\" class=\"wp-block-post post-429 featured_post type-featured_post status-publish has-post-thumbnail hentry tag-ai tag-concrete-engineering tag-non-destructive-inspection content_type-articles content_issue-vol0002-2026 content_field-286 content_year-345\">\n    <div class=\"wp-block-group post_block is-layout-flow wp-block-group-is-layout-flow\">\n\n      <h3 class=\"wp-block-post-title\"><a href=\"https:\/\/pr.eng.hokudai.ac.jp\/rc\/featured\/202604fa001\/\">\u6df1\u5c64\u5b66\u7fd2\u3092\u7528\u3044\u305f\u885d\u6483\u5f3e\u6027\u6ce2\u6cd5\u306b\u3088\u308b\u30b3\u30f3\u30af\u30ea\u30fc\u30c8\u4e2d\u306e\u3072\u3073\u5272\u308c\u691c\u51fa<\/a><\/h3>\n      <div class=\"wp-block-post-content\">\n        <p>\u30b3\u30f3\u30af\u30ea\u30fc\u30c8\u69cb\u9020\u7269\u306b\u304a\u3051\u308b\u5185\u90e8\u3072\u3073\u5272\u308c\u691c\u51fa\u3092\u76ee\u7684\u3068\u3057\u3066\u3001\u30a4\u30f3\u30d1\u30af\u30c8\u30a8\u30b3\u30fc\u6cd5\u306bAI\u3092\u7d71\u5408\u3057\u305f\u624b\u6cd5\u3092\u63d0\u6848\u3057\u3066\u3044\u308b\u3002FFT\u30c7\u30fc\u30bf\u3092\u7528\u3044\u305f\u6559\u5e2b\u3042\u308a\u6df1\u5c64\u5b66\u7fd2\u306b\u3088\u308a\u640d\u50b7\u30ec\u30d9\u30eb\u3092\u5206\u985e\u3059\u308b\u3068\u3068\u3082\u306b\u3001\u5b9f\u69cb\u9020\u7269\u3078\u306e\u9069\u7528\u3092\u8003\u616e\u3057\u3001\u30aa\u30fc\u30c8\u30a8\u30f3\u30b3\u30fc\u30c0\u306b\u3088\u308b\u6559\u5e2b\u306a\u3057\u5b66\u7fd2\u306b\u3088\u308a\u3001\u6559\u5e2b\u30c7\u30fc\u30bf\u306e\u69cb\u7bc9\u3092\u4e0d\u8981\u3068\u3057\u305f\u640d\u50b7\u691c\u77e5\u3092\u53ef\u80fd\u3068\u3057\u305f\u3002<\/p>\n        <p>[<a href=\"https:\/\/pr.eng.hokudai.ac.jp\/rc\/featured\/202604fa001\/\">Featured Research<\/a>]<\/p>\n      <\/div>\n      <div class=\"content_data wp-block-group is-style-group-contentinfo\">\n    <p class=\"content_person\"><p>Jeero Pandum, <a href=\"https:\/\/researchmap.jp\/ktfmhsmt?lang=en\" target=\"_blank\" rel=\"noopener\">\u6a4b\u672c\u52dd\u6587<\/a>, \u6749\u5c71\u9686\u6587, Wanchai Yodsudjai<\/p>\n<\/p>\n\n    <p class=\"content_info\"><p><a href=\"https:\/\/www.sciencedirect.com\/science\/article\/abs\/pii\/S0950061825022317\" target=\"_blank\" rel=\"noopener\">Construction and Building Materials 487 142080<\/a><\/p>\n<\/p>\n<\/div>\n<!-- \/\/ BLOCK: CONTENT-DATA -->\n    <\/div>\n  <\/li>\n<!-- TEMP: FEATURED_POST ARCHIVE -->\n  <li id=\"a202510sa001\" class=\"wp-block-post post-123 content_post type-content_post status-publish hentry tag-al tag-cfrp tag-electroplating tag-ionic-liquid content_type-articles content_issue-vol0001-2025 content_field-313 content_year-345\">\n    <div class=\"wp-block-group post_block is-layout-flow wp-block-group-is-layout-flow\">\n      <h3 class=\"wp-block-post-title\">AlCl\u2083-EmImCl\u30a4\u30aa\u30f3\u6db2\u4f53\u4e2d\u306b\u304a\u3051\u308bAl\u96fb\u89e3\u3081\u3063\u304d\u306b\u3088\u308bCFRP\u8868\u9762\u6539\u8cea<\/h3>\n      <div class=\"wp-block-post-content\">\n        \n<p>CFRP\u8868\u9762\u306e\u8010\u6469\u8017\u6027\u3092\u6539\u5584\u3059\u308b\u3053\u3068\u3067\u3001\u5e83\u3044\u5206\u91ce\u3067\u306eCFRP\u6750\u6599\u306e\u9069\u7528\u304c\u53ef\u80fd\u306b\u306a\u308b\u3002\u672c\u7814\u7a76\u3067\u306f\u3001\u305d\u306e\u8868\u9762\u306bAl\u96fb\u89e3\u3081\u3063\u304d\u3068\u305d\u306e\u30a2\u30eb\u30de\u30a4\u30c8\u51e6\u7406\u306b\u3088\u3063\u3066\u786c\u5ea6\u3092\u3081\u3063\u304d\u524d\u306e7\u500d\u7a0b\u5ea6\u4e0a\u6607\u3055\u305b\u308b\u3053\u3068\u3092\u9054\u6210\u3057\u305f\u3002<\/p>\n      <\/div>\n      <div class=\"content_data wp-block-group is-style-group-contentinfo\">\n    <p class=\"content_person\"><p>\u5cb8 \u76f4\u6bc5, \u677e\u5cf6 \u6c38\u4f73, <a href=\"https:\/\/researchmap.jp\/GTI917\" target=\"_blank\" rel=\"noopener\">\u4e0a\u7530 \u5e79\u4eba<\/a><\/p>\n<\/p>\n\n    <p class=\"content_info\"><p><a href=\"https:\/\/www.jstage.jst.go.jp\/article\/electrochemistry\/93\/3\/93_25-00008\/_article\/-char\/ja\/\" target=\"_blank\" rel=\"noopener\">Electrochemistry. 93, 037005<\/a><\/p>\n<\/p>\n<\/div>\n<!-- \/\/ BLOCK: CONTENT-DATA -->\n    <\/div>\n  <\/li>\n<!-- TEMP: CONTENT_POST ARCHIVES -->\n  <li id=\"a202510sa002\" class=\"wp-block-post post-130 content_post type-content_post status-publish hentry tag-alkali-activated-materials tag-lca tag-machine-learning tag-mix-design tag-performance-based-prediction content_type-articles content_issue-vol0001-2025 content_field-314 content_year-345\">\n    <div class=\"wp-block-group post_block is-layout-flow wp-block-group-is-layout-flow\">\n      <h3 class=\"wp-block-post-title\">\u6301\u7d9a\u53ef\u80fd\u306a\u30a2\u30eb\u30ab\u30ea\u6d3b\u6027\u5316\u6750\u6599\u306e\u305f\u3081\u306e\u30c7\u30fc\u30bf\u99c6\u52d5\u578b\u6750\u6599\u8a2d\u8a08<\/h3>\n      <div class=\"wp-block-post-content\">\n        \n<p>\u30a2\u30eb\u30ab\u30ea\u6d3b\u6027\u6750\u6599\u306f\u666e\u901a\u30dd\u30eb\u30c8\u30e9\u30f3\u30c9\u30bb\u30e1\u30f3\u30c8\u306e\u6709\u671b\u306a\u4ee3\u66ff\u6750\u6599\u3067\u3059\u304c\u3001\u6a19\u6e96\u5316\u3055\u308c\u305f\u914d\u5408\u8a2d\u8a08\u30a2\u30d7\u30ed\u30fc\u30c1\u306f\u9650\u3089\u308c\u3066\u3044\u307e\u3059\u3002\u672c\u7814\u7a76\u3067\u306f\u3001\u76ee\u6a19\u7279\u6027\u3068\u6301\u7d9a\u53ef\u80fd\u6027\u306b\u57fa\u3065\u3044\u3066\u6700\u9069\u306a\u914d\u5408\u3092\u4e88\u6e2c\u3059\u308b\u3001AAM\u306e\u9006\u914d\u5408\u8a2d\u8a08\u306e\u305f\u3081\u306e\u6a5f\u68b0\u5b66\u7fd2\u30d9\u30fc\u30b9\u306e\u30d5\u30ec\u30fc\u30e0\u30ef\u30fc\u30af\u3092\u958b\u767a\u3057\u305f\u3002\u3053\u306e\u30e2\u30c7\u30eb\u306f\u3001\u524d\u99c6\u4f53\u306e\u53cd\u5fdc\u6027\u3001\u6d3b\u6027\u5264\u306e\u7279\u6027\u3001\u6db2\u76f8\u3068\u7d50\u5408\u5264\u306e\u6bd4\u7387\u306a\u3069\u30018\u3064\u306e\u4e3b\u8981\u306a\u8981\u56e0\u3092\u8003\u616e\u3057\u305f\u3002<\/p>\n      <\/div>\n      <div class=\"content_data wp-block-group is-style-group-contentinfo\">\n    <p class=\"content_person\"><p>K. Kong, <a href=\"https:\/\/researchmap.jp\/read0069261\" target=\"_blank\" rel=\"noopener\">Kiyofumi Kurumisawa<\/a>, Chiharu Tokoro, Zhanzhao Li, and S. H. Chu<\/p>\n<\/p>\n\n    <p class=\"content_info\"><p><a href=\"https:\/\/www.tandfonline.com\/doi\/abs\/10.1080\/21650373.2024.2416962\" target=\"_blank\" rel=\"noopener\">Journal of Sustainable Cement-Based Materials, Vol.13, pp.1857-1878<\/a><\/p>\n<\/p>\n<\/div>\n<!-- \/\/ BLOCK: CONTENT-DATA -->\n    <\/div>\n  <\/li>\n<!-- TEMP: CONTENT_POST ARCHIVES -->\n  <li id=\"a202510sa003\" class=\"wp-block-post post-132 content_post type-content_post status-publish hentry tag-co2-electrochemical-reductionco-evolutionlayered-double-hydroxidezinc-based-electrocatalyst content_type-articles content_issue-vol0001-2025 content_field-262 content_year-345\">\n    <div class=\"wp-block-group post_block is-layout-flow wp-block-group-is-layout-flow\">\n      <h3 class=\"wp-block-post-title\">CO\u2082 electrochemical reduction by Zn-based layered double hydroxides: The role of structural trivalent metal ions<\/h3>\n      <div class=\"wp-block-post-content\">\n        \n<p>\u8fd1\u5e74\u3001CO\u2082\u3092\u518d\u751f\u53ef\u80fd\u30a8\u30cd\u30eb\u30ae\u30fc\u7531\u6765\u306e\u4f59\u5270\u96fb\u529b\u3092\u7528\u3044\u3066\u6709\u7528\u5316\u5408\u7269\u306b\u5909\u63db\u3059\u308b\u3053\u3068\u304c\u6ce8\u76ee\u3055\u308c\u3066\u3044\u308b\u3002\u672c\u7814\u7a76\u3067\u306f\u3001Zn-Al\u3001Zn-Cr\u3001\u304a\u3088\u3073Zn-Ga\u7cfb\u5c64\u72b6\u8907\u6c34\u9178\u5316\u7269\u304c\u4e8c\u9178\u5316\u70ad\u7d20\u306e\u96fb\u6c17\u5316\u5b66\u7684\u9084\u5143\u89e6\u5a92\u3068\u3057\u3066\u6a5f\u80fd\u3059\u308b\u3053\u3068\u3092\u898b\u51fa\u3057\u30013\u4fa1\u91d1\u5c5e\u306e\u7a2e\u985e\u304c\u96fb\u6975\u89e6\u5a92\u6d3b\u6027\u306b\u5f71\u97ff\u3092\u53ca\u307c\u3059\u3053\u3068\u3092\u660e\u3089\u304b\u306b\u3057\u305f\u3002\u30d9\u30eb\u30ae\u30fc\u30fb\u30a2\u30f3\u30c8\u30ef\u30fc\u30d7\u5927\u5b66\u3001\u30b9\u30da\u30a4\u30f3\u30bb\u30e9\u30df\u30c3\u30af\u30b9\u30ac\u30e9\u30b9\u7814\u7a76\u6240\u3068\u306e\u5171\u540c\u7814\u7a76\u3002<\/p>\n      <\/div>\n      <div class=\"content_data wp-block-group is-style-group-contentinfo\">\n    <p class=\"content_person\"><p>Ryosuke Nakazato, Keeko Matsumoto, Matthias Quintelier, Joke Hadermann, Nataly Carolina Rosero-Navarro, <a href=\"https:\/\/researchmap.jp\/amiura\" target=\"_blank\" rel=\"noopener\">Akira Miura<\/a>, <a href=\"https:\/\/researchmap.jp\/Kiyoharu_Tadanaga\" target=\"_blank\" rel=\"noopener\">Kiyoharu Tadanaga<\/a><\/p>\n<\/p>\n\n    <p class=\"content_info\"><p><a href=\"https:\/\/doi.org\/10.1016\/j.oceram.2025.100788\" target=\"_blank\" rel=\"noopener\">Open Ceramics, 22, 100788<\/a> (2025)<\/p>\n<\/p>\n<\/div>\n<!-- \/\/ BLOCK: CONTENT-DATA -->\n    <\/div>\n  <\/li>\n<!-- TEMP: CONTENT_POST ARCHIVES -->\n  <li id=\"a202510sa004\" class=\"wp-block-post post-134 content_post type-content_post status-publish hentry tag-crystals content_type-articles content_issue-vol0001-2025 content_field-262 content_year-345\">\n    <div class=\"wp-block-group post_block is-layout-flow wp-block-group-is-layout-flow\">\n      <h3 class=\"wp-block-post-title\">\u30b7\u30ea\u30eb\u7f6e\u63db\u53cc\u6975\u5b50\u5206\u5b50\u8a2d\u8a08\u306b\u3088\u308b\u30ad\u30e9\u30eb\u7d50\u6676\u5316\u306e\u9054\u6210<\/h3>\n      <div class=\"wp-block-post-content\">\n        \n<p>\u3053\u306e\u7814\u7a76\u306f\u3001\u6709\u6a5f\u5206\u5b50\u306e\u30ad\u30e9\u30eb\u7d50\u6676\u5316\u3092\u9054\u6210\u3059\u308b\u305f\u3081\u306b\u9069\u5207\u306a\u5d69\u9ad8\u3044\u906e\u853d\u90e8\u4f4d\u3068\u76f8\u4e92\u4f5c\u7528\u90e8\u4f4d\u3092\u5c0e\u5165\u3059\u308b\u3053\u3068\u306e\u91cd\u8981\u6027\u3092\u660e\u3089\u304b\u306b\u3057\u3001\u30a2\u30ad\u30e9\u30eb\u53cc\u6975\u5b50\u5206\u5b50\u304b\u3089\u30ad\u30e9\u30eb\u96c6\u5408\u4f53\u3092\u8a2d\u8a08\u3059\u308b\u305f\u3081\u306e\u8cb4\u91cd\u306a\u6307\u91dd\u3092\u4e0e\u3048\u305f\u3002<\/p>\n      <\/div>\n      <div class=\"content_data wp-block-group is-style-group-contentinfo\">\n    <p class=\"content_person\"><p>\u534a\u5999 \u590f\u6d77, \u7c73\u6fa4 \u6bc5\u6cbb, <a href=\"https:\/\/researchmap.jp\/read0103056\" target=\"_blank\" rel=\"noopener\">\u4f0a\u85e4 \u8087<\/a>, <a href=\"https:\/\/researchmap.jp\/MGJK_research\" target=\"_blank\" rel=\"noopener\">\u30b8\u30f3 \u30df\u30f3\u30b0<\/a><\/p>\n<\/p>\n\n    <p class=\"content_info\"><p><a href=\"https:\/\/pubs.acs.org\/doi\/10.1021\/acs.cgd.5c00215\" target=\"_blank\" rel=\"noopener\">Crystal Growth &amp; Design<\/a><\/p>\n<\/p>\n<\/div>\n<!-- \/\/ BLOCK: CONTENT-DATA -->\n    <\/div>\n  <\/li>\n<!-- TEMP: CONTENT_POST ARCHIVES -->\n  <li id=\"a202510sa005\" class=\"wp-block-post post-136 content_post type-content_post status-publish hentry tag-mechanochemistry content_type-articles content_issue-vol0001-2025 content_field-262 content_year-345\">\n    <div class=\"wp-block-group post_block is-layout-flow wp-block-group-is-layout-flow\">\n      <h3 class=\"wp-block-post-title\">\u56fa\u4f53\u72b6\u614b\u3067\u306e\u82b3\u9999\u65cf\u6c42\u6838\u30d5\u30c3\u7d20\u5316\uff1a\u8fc5\u901f\u3067\u5b9f\u7528\u7684\u304b\u3064\u74b0\u5883\u306b\u512a\u3057\u3044N-\u542b\u7a92\u7d20\u82b3\u9999\u65cf\u30d5\u30c3\u5316\u7269\u306e\u5408\u6210\u6cd5<\/h3>\n      <div class=\"wp-block-post-content\">\n        \n<p>\u30ab\u30ea\u30a6\u30e0\u30d5\u30c3\u5316\u7269\uff08KF\uff09\u3068\u7b2c\u56db\u7d1a\u30a2\u30f3\u30e2\u30cb\u30a6\u30e0\u5869\u3092\u7528\u3044\u305f\u3001\u56fa\u4f53\u72b6\u614b\u3067\u306e\u82b3\u9999\u65cf\u6c42\u6838\u30d5\u30c3\u7d20\u5316\u306e\u305f\u3081\u306e\u30b7\u30f3\u30d7\u30eb\u306a\u30e1\u30ab\u30ce\u30b1\u30df\u30ab\u30eb\u624b\u6cd5\u3092\u958b\u767a\u3057\u305f\u3002\u3053\u306e\u56fa\u4f53\u30d5\u30c3\u7d20\u5316\u53cd\u5fdc\u306f\u8fc5\u901f\u3067\u3042\u308a\u3001\u3055\u307e\u3056\u307e\u306aN-\u542b\u7a92\u7d20\u82b3\u9999\u65cf\u30cf\u30ed\u30b2\u30f3\u5316\u7269\u30921\u6642\u9593\u4ee5\u5185\u306b\u52b9\u7387\u3088\u304f\u30d5\u30c3\u7d20\u5316\u3059\u308b\u3053\u3068\u304c\u3067\u304d\u308b\u3002<\/p>\n\n\n\n<p><\/p>\n      <\/div>\n      <div class=\"content_data wp-block-group is-style-group-contentinfo\">\n    <p class=\"content_person\"><p><a href=\"https:\/\/researchmap.jp\/kbt\" target=\"_blank\" rel=\"noopener\">\u4e45\u4fdd\u7530 \u6d69\u53f8<\/a>, \u7267\u91ce \u54f2, \u8fd1\u85e4 \u6075\u7950, \u702c\u5c3e \u73e0\u6075, \u30df\u30f3\u30b0 \u30b8\u30f3, <a href=\"https:\/\/researchmap.jp\/read0103056\" target=\"_blank\" rel=\"noopener\">\u4f0a\u85e4 \u8087<\/a><\/p>\n<\/p>\n\n    <p class=\"content_info\"><p><a href=\"https:\/\/pubs.rsc.org\/en\/content\/articlelanding\/2025\/gc\/d4gc06362g\" target=\"_blank\" rel=\"noopener\">Green Chemistry, 27, 1771<\/a><\/p>\n<\/p>\n<\/div>\n<!-- \/\/ BLOCK: CONTENT-DATA -->\n    <\/div>\n  <\/li>\n<!-- TEMP: CONTENT_POST ARCHIVES -->\n<\/ul>\n<nav class=\"pager pager_index\">\n  <ul class='page-numbers'>\n\t<li><span aria-current=\"page\" class=\"page-numbers current\">1<\/span><\/li>\n\t<li><a class=\"page-numbers\" href=\"https:\/\/pr.eng.hokudai.ac.jp\/rc\/wp-json\/wp\/v2\/pages\/21\/page\/2\/\">2<\/a><\/li>\n\t<li><a class=\"page-numbers\" href=\"https:\/\/pr.eng.hokudai.ac.jp\/rc\/wp-json\/wp\/v2\/pages\/21\/page\/3\/\">3<\/a><\/li>\n\t<li><span class=\"page-numbers dots\">&hellip;<\/span><\/li>\n\t<li><a class=\"page-numbers\" href=\"https:\/\/pr.eng.hokudai.ac.jp\/rc\/wp-json\/wp\/v2\/pages\/21\/page\/5\/\">5<\/a><\/li>\n\t<li><a class=\"next page-numbers\" href=\"https:\/\/pr.eng.hokudai.ac.jp\/rc\/wp-json\/wp\/v2\/pages\/21\/page\/2\/\">><\/a><\/li>\n<\/ul>\n<\/nav>\n<!-- \/\/ NAV: PAGER_ARCHIVE -->\n<\/div>\n<!-- LIST: POST CONTENT_TYPE -->\n\n","protected":false},"excerpt":{"rendered":"","protected":false},"author":1,"featured_media":0,"parent":0,"menu_order":5,"comment_status":"closed","ping_status":"closed","template":"","meta":{"_acf_changed":false,"inline_featured_image":false,"footnotes":""},"class_list":["post-21","page","type-page","status-publish","hentry"],"acf":[],"_links":{"self":[{"href":"https:\/\/pr.eng.hokudai.ac.jp\/rc\/wp-json\/wp\/v2\/pages\/21","targetHints":{"allow":["GET"]}}],"collection":[{"href":"https:\/\/pr.eng.hokudai.ac.jp\/rc\/wp-json\/wp\/v2\/pages"}],"about":[{"href":"https:\/\/pr.eng.hokudai.ac.jp\/rc\/wp-json\/wp\/v2\/types\/page"}],"author":[{"embeddable":true,"href":"https:\/\/pr.eng.hokudai.ac.jp\/rc\/wp-json\/wp\/v2\/users\/1"}],"replies":[{"embeddable":true,"href":"https:\/\/pr.eng.hokudai.ac.jp\/rc\/wp-json\/wp\/v2\/comments?post=21"}],"version-history":[{"count":11,"href":"https:\/\/pr.eng.hokudai.ac.jp\/rc\/wp-json\/wp\/v2\/pages\/21\/revisions"}],"predecessor-version":[{"id":399,"href":"https:\/\/pr.eng.hokudai.ac.jp\/rc\/wp-json\/wp\/v2\/pages\/21\/revisions\/399"}],"wp:attachment":[{"href":"https:\/\/pr.eng.hokudai.ac.jp\/rc\/wp-json\/wp\/v2\/media?parent=21"}],"curies":[{"name":"wp","href":"https:\/\/api.w.org\/{rel}","templated":true}]}}